{"id":332,"date":"2024-02-20T01:46:41","date_gmt":"2024-02-20T01:46:41","guid":{"rendered":"https:\/\/barbantesprediletto.com.br\/?post_type=product&#038;p=332"},"modified":"2026-03-19T11:31:04","modified_gmt":"2026-03-19T14:31:04","slug":"cor-03-areia-com-dourado","status":"publish","type":"product","link":"https:\/\/barbantesprediletto.com.br\/pt_pt\/produto\/cor-03-areia-com-dourado\/","title":{"rendered":"Barbante Prediletto Fio 6 Cor 03 Areia com Brilho Dourado de 610 metros"},"content":{"rendered":"<p>ATEN\u00c7\u00c3O: AL\u00c9M DO PRAZO DE ENVIO DA TRANSPORTADORA, TEMOS UM PRAZO DE SEPARA\u00c7\u00c3O E EMBALAGEM DE 5 DIAS \u00daTEIS.<\/p>","protected":false},"excerpt":{"rendered":"<p>ATEN\u00c7\u00c3O: AL\u00c9M DO PRAZO DE ENVIO DA TRANSPORTADORA, TEMOS UM PRAZO DE SEPARA\u00c7\u00c3O E EMBALAGEM DE 5 DIAS \u00daTEIS.<\/p>","protected":false},"featured_media":2656,"comment_status":"open","ping_status":"closed","template":"","meta":{"_joinchat":[]},"product_brand":[],"product_cat":[24],"product_tag":[],"class_list":{"0":"post-332","1":"product","2":"type-product","3":"status-publish","4":"has-post-thumbnail","6":"product_cat-fio-6-com-brilho","8":"first","9":"outofstock","10":"taxable","11":"shipping-taxable","12":"purchasable","13":"product-type-simple"},"_links":{"self":[{"href":"https:\/\/barbantesprediletto.com.br\/pt_pt\/wp-json\/wp\/v2\/product\/332","targetHints":{"allow":["GET"]}}],"collection":[{"href":"https:\/\/barbantesprediletto.com.br\/pt_pt\/wp-json\/wp\/v2\/product"}],"about":[{"href":"https:\/\/barbantesprediletto.com.br\/pt_pt\/wp-json\/wp\/v2\/types\/product"}],"replies":[{"embeddable":true,"href":"https:\/\/barbantesprediletto.com.br\/pt_pt\/wp-json\/wp\/v2\/comments?post=332"}],"wp:featuredmedia":[{"embeddable":true,"href":"https:\/\/barbantesprediletto.com.br\/pt_pt\/wp-json\/wp\/v2\/media\/2656"}],"wp:attachment":[{"href":"https:\/\/barbantesprediletto.com.br\/pt_pt\/wp-json\/wp\/v2\/media?parent=332"}],"wp:term":[{"taxonomy":"product_brand","embeddable":true,"href":"https:\/\/barbantesprediletto.com.br\/pt_pt\/wp-json\/wp\/v2\/product_brand?post=332"},{"taxonomy":"product_cat","embeddable":true,"href":"https:\/\/barbantesprediletto.com.br\/pt_pt\/wp-json\/wp\/v2\/product_cat?post=332"},{"taxonomy":"product_tag","embeddable":true,"href":"https:\/\/barbantesprediletto.com.br\/pt_pt\/wp-json\/wp\/v2\/product_tag?post=332"}],"curies":[{"name":"wp","href":"https:\/\/api.w.org\/{rel}","templated":true}]}}