{"id":330,"date":"2024-02-19T03:26:07","date_gmt":"2024-02-19T03:26:07","guid":{"rendered":"https:\/\/barbantesprediletto.com.br\/?post_type=product&#038;p=330"},"modified":"2026-04-28T10:31:34","modified_gmt":"2026-04-28T13:31:34","slug":"cor-115-branco-e-vermelho-com-dourado","status":"publish","type":"product","link":"https:\/\/barbantesprediletto.com.br\/pt_pt\/produto\/cor-115-branco-e-vermelho-com-dourado\/","title":{"rendered":"Barbante Prediletto Fio 6 Cor 115 Natalino com Brilho Dourado de 610 metros"},"content":{"rendered":"<p>ATEN\u00c7\u00c3O: AL\u00c9M DO PRAZO DE ENVIO DA TRANSPORTADORA, TEMOS UM PRAZO DE SEPARA\u00c7\u00c3O E EMBALAGEM DE 5 DIAS \u00daTEIS.<\/p>","protected":false},"excerpt":{"rendered":"<p>ATEN\u00c7\u00c3O: AL\u00c9M DO PRAZO DE ENVIO DA TRANSPORTADORA, TEMOS UM PRAZO DE SEPARA\u00c7\u00c3O E EMBALAGEM DE 5 DIAS \u00daTEIS.<\/p>","protected":false},"featured_media":2657,"comment_status":"open","ping_status":"closed","template":"","meta":{"_joinchat":[]},"product_brand":[],"product_cat":[24],"product_tag":[],"class_list":{"0":"post-330","1":"product","2":"type-product","3":"status-publish","4":"has-post-thumbnail","6":"product_cat-fio-6-com-brilho","8":"first","9":"instock","10":"taxable","11":"shipping-taxable","12":"purchasable","13":"product-type-simple"},"_links":{"self":[{"href":"https:\/\/barbantesprediletto.com.br\/pt_pt\/wp-json\/wp\/v2\/product\/330","targetHints":{"allow":["GET"]}}],"collection":[{"href":"https:\/\/barbantesprediletto.com.br\/pt_pt\/wp-json\/wp\/v2\/product"}],"about":[{"href":"https:\/\/barbantesprediletto.com.br\/pt_pt\/wp-json\/wp\/v2\/types\/product"}],"replies":[{"embeddable":true,"href":"https:\/\/barbantesprediletto.com.br\/pt_pt\/wp-json\/wp\/v2\/comments?post=330"}],"wp:featuredmedia":[{"embeddable":true,"href":"https:\/\/barbantesprediletto.com.br\/pt_pt\/wp-json\/wp\/v2\/media\/2657"}],"wp:attachment":[{"href":"https:\/\/barbantesprediletto.com.br\/pt_pt\/wp-json\/wp\/v2\/media?parent=330"}],"wp:term":[{"taxonomy":"product_brand","embeddable":true,"href":"https:\/\/barbantesprediletto.com.br\/pt_pt\/wp-json\/wp\/v2\/product_brand?post=330"},{"taxonomy":"product_cat","embeddable":true,"href":"https:\/\/barbantesprediletto.com.br\/pt_pt\/wp-json\/wp\/v2\/product_cat?post=330"},{"taxonomy":"product_tag","embeddable":true,"href":"https:\/\/barbantesprediletto.com.br\/pt_pt\/wp-json\/wp\/v2\/product_tag?post=330"}],"curies":[{"name":"wp","href":"https:\/\/api.w.org\/{rel}","templated":true}]}}