{"id":2804,"date":"2026-04-14T14:21:33","date_gmt":"2026-04-14T17:21:33","guid":{"rendered":"https:\/\/barbantesprediletto.com.br\/?post_type=product&#038;p=2804"},"modified":"2026-04-15T13:49:52","modified_gmt":"2026-04-15T16:49:52","slug":"kit-3-barbantes-marrocos-fio-6-cor-252-de-226m","status":"publish","type":"product","link":"https:\/\/barbantesprediletto.com.br\/pt_pt\/produto\/kit-3-barbantes-marrocos-fio-6-cor-252-de-226m\/","title":{"rendered":"Kit 3 Barbantes Marrocos Fio 6 Cor 252 de 226m"},"content":{"rendered":"<p>ATEN\u00c7\u00c3O: AL\u00c9M DO PRAZO DE ENVIO DA TRANSPORTADORA, TEMOS UM PRAZO DE SEPARA\u00c7\u00c3O E EMBALAGEM DE 5 DIAS \u00daTEIS.<\/p>","protected":false},"excerpt":{"rendered":"<p>ATEN\u00c7\u00c3O: AL\u00c9M DO PRAZO DE ENVIO DA TRANSPORTADORA, TEMOS UM PRAZO DE SEPARA\u00c7\u00c3O E EMBALAGEM DE 5 DIAS \u00daTEIS.<\/p>","protected":false},"featured_media":2805,"comment_status":"open","ping_status":"closed","template":"","meta":{"_joinchat":[]},"product_brand":[],"product_cat":[32],"product_tag":[],"class_list":{"0":"post-2804","1":"product","2":"type-product","3":"status-publish","4":"has-post-thumbnail","6":"product_cat-kits","8":"first","9":"outofstock","10":"taxable","11":"shipping-taxable","12":"purchasable","13":"product-type-simple"},"_links":{"self":[{"href":"https:\/\/barbantesprediletto.com.br\/pt_pt\/wp-json\/wp\/v2\/product\/2804","targetHints":{"allow":["GET"]}}],"collection":[{"href":"https:\/\/barbantesprediletto.com.br\/pt_pt\/wp-json\/wp\/v2\/product"}],"about":[{"href":"https:\/\/barbantesprediletto.com.br\/pt_pt\/wp-json\/wp\/v2\/types\/product"}],"replies":[{"embeddable":true,"href":"https:\/\/barbantesprediletto.com.br\/pt_pt\/wp-json\/wp\/v2\/comments?post=2804"}],"wp:featuredmedia":[{"embeddable":true,"href":"https:\/\/barbantesprediletto.com.br\/pt_pt\/wp-json\/wp\/v2\/media\/2805"}],"wp:attachment":[{"href":"https:\/\/barbantesprediletto.com.br\/pt_pt\/wp-json\/wp\/v2\/media?parent=2804"}],"wp:term":[{"taxonomy":"product_brand","embeddable":true,"href":"https:\/\/barbantesprediletto.com.br\/pt_pt\/wp-json\/wp\/v2\/product_brand?post=2804"},{"taxonomy":"product_cat","embeddable":true,"href":"https:\/\/barbantesprediletto.com.br\/pt_pt\/wp-json\/wp\/v2\/product_cat?post=2804"},{"taxonomy":"product_tag","embeddable":true,"href":"https:\/\/barbantesprediletto.com.br\/pt_pt\/wp-json\/wp\/v2\/product_tag?post=2804"}],"curies":[{"name":"wp","href":"https:\/\/api.w.org\/{rel}","templated":true}]}}