{"id":1934,"date":"2025-03-27T08:09:42","date_gmt":"2025-03-27T11:09:42","guid":{"rendered":"https:\/\/barbantesprediletto.com.br\/?post_type=product&#038;p=1934"},"modified":"2026-04-28T10:24:33","modified_gmt":"2026-04-28T13:24:33","slug":"kit-barbante-multicolor-610-metros-fio-6","status":"publish","type":"product","link":"https:\/\/barbantesprediletto.com.br\/pt_pt\/produto\/kit-barbante-multicolor-610-metros-fio-6\/","title":{"rendered":"Kit 4 Barbante Multicolor 610 metros Fio 6"},"content":{"rendered":"<p>Clique no WhatsApp para escolher as cores do seu kit!<\/p>\n<p>ATEN\u00c7\u00c3O: AL\u00c9M DO PRAZO DE ENVIO DA TRANSPORTADORA, TEMOS UM PRAZO DE SEPARA\u00c7\u00c3O E EMBALAGEM DE 5 DIAS \u00daTEIS.<\/p>\n<p>&nbsp;<\/p>","protected":false},"excerpt":{"rendered":"<p>Clique no WhatsApp para escolher as cores do seu kit! ATEN\u00c7\u00c3O: AL\u00c9M DO PRAZO DE ENVIO DA TRANSPORTADORA, TEMOS UM PRAZO DE SEPARA\u00c7\u00c3O E EMBALAGEM DE 5 DIAS \u00daTEIS. &nbsp;<\/p>","protected":false},"featured_media":2831,"comment_status":"open","ping_status":"closed","template":"","meta":{"_joinchat":[]},"product_brand":[],"product_cat":[32],"product_tag":[],"class_list":{"0":"post-1934","1":"product","2":"type-product","3":"status-publish","4":"has-post-thumbnail","6":"product_cat-kits","8":"first","9":"instock","10":"sale","11":"taxable","12":"shipping-taxable","13":"purchasable","14":"product-type-simple"},"_links":{"self":[{"href":"https:\/\/barbantesprediletto.com.br\/pt_pt\/wp-json\/wp\/v2\/product\/1934","targetHints":{"allow":["GET"]}}],"collection":[{"href":"https:\/\/barbantesprediletto.com.br\/pt_pt\/wp-json\/wp\/v2\/product"}],"about":[{"href":"https:\/\/barbantesprediletto.com.br\/pt_pt\/wp-json\/wp\/v2\/types\/product"}],"replies":[{"embeddable":true,"href":"https:\/\/barbantesprediletto.com.br\/pt_pt\/wp-json\/wp\/v2\/comments?post=1934"}],"wp:featuredmedia":[{"embeddable":true,"href":"https:\/\/barbantesprediletto.com.br\/pt_pt\/wp-json\/wp\/v2\/media\/2831"}],"wp:attachment":[{"href":"https:\/\/barbantesprediletto.com.br\/pt_pt\/wp-json\/wp\/v2\/media?parent=1934"}],"wp:term":[{"taxonomy":"product_brand","embeddable":true,"href":"https:\/\/barbantesprediletto.com.br\/pt_pt\/wp-json\/wp\/v2\/product_brand?post=1934"},{"taxonomy":"product_cat","embeddable":true,"href":"https:\/\/barbantesprediletto.com.br\/pt_pt\/wp-json\/wp\/v2\/product_cat?post=1934"},{"taxonomy":"product_tag","embeddable":true,"href":"https:\/\/barbantesprediletto.com.br\/pt_pt\/wp-json\/wp\/v2\/product_tag?post=1934"}],"curies":[{"name":"wp","href":"https:\/\/api.w.org\/{rel}","templated":true}]}}