{"id":1382,"date":"2024-12-13T14:04:36","date_gmt":"2024-12-13T14:04:36","guid":{"rendered":"https:\/\/barbantesprediletto.com.br\/?post_type=product&#038;p=1382"},"modified":"2026-04-28T10:25:59","modified_gmt":"2026-04-28T13:25:59","slug":"barbante-prediletto-fio-6-cor-17-preto-com-brilho-dourado-de-610-metros","status":"publish","type":"product","link":"https:\/\/barbantesprediletto.com.br\/pt_pt\/produto\/barbante-prediletto-fio-6-cor-17-preto-com-brilho-dourado-de-610-metros\/","title":{"rendered":"Barbante Prediletto Fio 6 Cor 17 Preto com Brilho Prata de 610 metros"},"content":{"rendered":"<p>ATEN\u00c7\u00c3O: AL\u00c9M DO PRAZO DE ENVIO DA TRANSPORTADORA, TEMOS UM PRAZO DE SEPARA\u00c7\u00c3O E EMBALAGEM DE 5 DIAS \u00daTEIS.<\/p>","protected":false},"excerpt":{"rendered":"<p>ATEN\u00c7\u00c3O: AL\u00c9M DO PRAZO DE ENVIO DA TRANSPORTADORA, TEMOS UM PRAZO DE SEPARA\u00c7\u00c3O E EMBALAGEM DE 5 DIAS \u00daTEIS.<\/p>","protected":false},"featured_media":2400,"comment_status":"open","ping_status":"closed","template":"","meta":{"_joinchat":[]},"product_brand":[],"product_cat":[24],"product_tag":[],"class_list":{"0":"post-1382","1":"product","2":"type-product","3":"status-publish","4":"has-post-thumbnail","6":"product_cat-fio-6-com-brilho","8":"first","9":"instock","10":"taxable","11":"shipping-taxable","12":"purchasable","13":"product-type-simple"},"_links":{"self":[{"href":"https:\/\/barbantesprediletto.com.br\/pt_pt\/wp-json\/wp\/v2\/product\/1382","targetHints":{"allow":["GET"]}}],"collection":[{"href":"https:\/\/barbantesprediletto.com.br\/pt_pt\/wp-json\/wp\/v2\/product"}],"about":[{"href":"https:\/\/barbantesprediletto.com.br\/pt_pt\/wp-json\/wp\/v2\/types\/product"}],"replies":[{"embeddable":true,"href":"https:\/\/barbantesprediletto.com.br\/pt_pt\/wp-json\/wp\/v2\/comments?post=1382"}],"wp:featuredmedia":[{"embeddable":true,"href":"https:\/\/barbantesprediletto.com.br\/pt_pt\/wp-json\/wp\/v2\/media\/2400"}],"wp:attachment":[{"href":"https:\/\/barbantesprediletto.com.br\/pt_pt\/wp-json\/wp\/v2\/media?parent=1382"}],"wp:term":[{"taxonomy":"product_brand","embeddable":true,"href":"https:\/\/barbantesprediletto.com.br\/pt_pt\/wp-json\/wp\/v2\/product_brand?post=1382"},{"taxonomy":"product_cat","embeddable":true,"href":"https:\/\/barbantesprediletto.com.br\/pt_pt\/wp-json\/wp\/v2\/product_cat?post=1382"},{"taxonomy":"product_tag","embeddable":true,"href":"https:\/\/barbantesprediletto.com.br\/pt_pt\/wp-json\/wp\/v2\/product_tag?post=1382"}],"curies":[{"name":"wp","href":"https:\/\/api.w.org\/{rel}","templated":true}]}}