{"id":563,"date":"2024-03-16T19:53:41","date_gmt":"2024-03-16T19:53:41","guid":{"rendered":"https:\/\/barbantesprediletto.com.br\/?page_id=563"},"modified":"2026-03-11T09:37:55","modified_gmt":"2026-03-11T12:37:55","slug":"home","status":"publish","type":"page","link":"https:\/\/barbantesprediletto.com.br\/pt_pt\/","title":{"rendered":"Home"},"content":{"rendered":"<div data-elementor-type=\"wp-page\" data-elementor-id=\"563\" class=\"elementor elementor-563\" data-elementor-post-type=\"page\">\n\t\t\t\t<a class=\"elementor-element elementor-element-ffbde7b e-con-full e-flex wpr-particle-no wpr-jarallax-no wpr-parallax-no wpr-sticky-section-no wpr-equal-height-no e-con e-parent\" data-id=\"ffbde7b\" data-element_type=\"container\" data-e-type=\"container\" data-settings=\"{&quot;background_background&quot;:&quot;classic&quot;}\" href=\"https:\/\/barbantesprediletto.com.br\/pt_pt\/loja\/\">\n\t\t\t\t<\/a>\n\t\t<div class=\"elementor-element elementor-element-f1833ac e-flex e-con-boxed wpr-particle-no wpr-jarallax-no wpr-parallax-no wpr-sticky-section-no wpr-equal-height-no e-con e-parent\" data-id=\"f1833ac\" data-element_type=\"container\" data-e-type=\"container\">\n\t\t\t\t\t<div class=\"e-con-inner\">\n\t\t\t\t<div class=\"elementor-element elementor-element-2a9240e elementor-widget-mobile__width-initial elementor-widget elementor-widget-heading\" data-id=\"2a9240e\" data-element_type=\"widget\" data-e-type=\"widget\" data-widget_type=\"heading.default\">\n\t\t\t\t<div class=\"elementor-widget-container\">\n\t\t\t\t\t<h2 class=\"elementor-heading-title elementor-size-default\">ATEN\u00c7\u00c3O SENHORES CLIENTES!<\/h2>\t\t\t\t<\/div>\n\t\t\t\t<\/div>\n\t\t\t\t<div class=\"elementor-element elementor-element-26d491c elementor-widget elementor-widget-text-editor\" data-id=\"26d491c\" data-element_type=\"widget\" data-e-type=\"widget\" data-widget_type=\"text-editor.default\">\n\t\t\t\t<div class=\"elementor-widget-container\">\n\t\t\t\t\t\t\t\t\t<p>Em nossa gama de cores, procuramos sempre trabalhar com tons vibrantes para seu artesanato ficar cada vez mais bonito, por isso, deixamos algumas observa\u00e7\u00f5es:<br \/>Para evitar manchas em seu trabalho, recomendamos fazer um teste da cor colocando uma pequena quantidade do fio em \u00e1gua com um pouco de sab\u00e3o neutro. Se a \u00e1gua mudar de cor \u00e9 um sinal de que ele pode soltar tinta. Caso ocorra soltura da cor, n\u00e3o \u00e9 recomendado sua utiliza\u00e7\u00e3o com outras cores, pois pode ocorrer a transfer\u00eancia de cor.<br \/>Recomendamos colocar sal ou vinagre na primeira lavagem para uma maior fixa\u00e7\u00e3o da cor, pois nas primeiras lavagens pode ocorrer transfer\u00eancia de cor, por isso muito importante n\u00e3o deixar sua pe\u00e7a de molho.<br \/>Pedimos aten\u00e7\u00e3o na hora de lavar seguindo as instru\u00e7\u00f5es de tratamento e cuidado para conserva\u00e7\u00e3o que se encontra no r\u00f3tulo.<\/p>\t\t\t\t\t\t\t\t<\/div>\n\t\t\t\t<\/div>\n\t\t\t\t\t<\/div>\n\t\t\t\t<\/div>\n\t\t<div class=\"elementor-element elementor-element-455935b e-flex e-con-boxed wpr-particle-no wpr-jarallax-no wpr-parallax-no wpr-sticky-section-no wpr-equal-height-no e-con e-parent\" data-id=\"455935b\" data-element_type=\"container\" data-e-type=\"container\">\n\t\t\t\t\t<div class=\"e-con-inner\">\n\t\t\t\t<div class=\"elementor-element elementor-element-21b5464 elementor-align-right elementor-widget__width-initial elementor-mobile-align-center elementor-widget elementor-widget-button\" data-id=\"21b5464\" data-element_type=\"widget\" data-e-type=\"widget\" data-widget_type=\"button.default\">\n\t\t\t\t<div class=\"elementor-widget-container\">\n\t\t\t\t\t\t\t\t\t<div class=\"elementor-button-wrapper\">\n\t\t\t\t\t<a class=\"elementor-button elementor-button-link elementor-size-sm\" href=\"https:\/\/barbantesprediletto.com.br\/pt_pt\/loja\/\">\n\t\t\t\t\t\t<span class=\"elementor-button-content-wrapper\">\n\t\t\t\t\t\t\t\t\t<span class=\"elementor-button-text\">Ver todos <\/span>\n\t\t\t\t\t<\/span>\n\t\t\t\t\t<\/a>\n\t\t\t\t<\/div>\n\t\t\t\t\t\t\t\t<\/div>\n\t\t\t\t<\/div>\n\t\t\t\t<div class=\"elementor-element elementor-element-1720059 elementor-widget-divider--view-line_text elementor-widget-divider--element-align-center elementor-widget elementor-widget-divider\" data-id=\"1720059\" data-element_type=\"widget\" data-e-type=\"widget\" data-widget_type=\"divider.default\">\n\t\t\t\t<div class=\"elementor-widget-container\">\n\t\t\t\t\t\t\t<div class=\"elementor-divider\">\n\t\t\t<span class=\"elementor-divider-separator\">\n\t\t\t\t\t\t\t<h1 class=\"elementor-divider__text elementor-divider__element\">\n\t\t\t\tLAN\u00c7AMENTOS\t\t\t\t<\/h1>\n\t\t\t\t\t\t<\/span>\n\t\t<\/div>\n\t\t\t\t\t\t<\/div>\n\t\t\t\t<\/div>\n\t\t\t\t<div class=\"elementor-element elementor-element-0224c4f elementor-widget elementor-widget-shopengine-filterable-product-list\" data-id=\"0224c4f\" data-element_type=\"widget\" data-e-type=\"widget\" data-widget_type=\"shopengine-filterable-product-list.default\">\n\t\t\t\t<div class=\"elementor-widget-container\">\n\t\t\t\t\t<div class=\"shopengine shopengine-widget\"><\/div>\t\t\t\t<\/div>\n\t\t\t\t<\/div>\n\t\t\t\t\t<\/div>\n\t\t\t\t<\/div>\n\t\t<div class=\"elementor-element elementor-element-956d5aa e-flex e-con-boxed wpr-particle-no wpr-jarallax-no wpr-parallax-no wpr-sticky-section-no wpr-equal-height-no e-con e-parent\" data-id=\"956d5aa\" data-element_type=\"container\" data-e-type=\"container\" data-settings=\"{&quot;background_background&quot;:&quot;classic&quot;}\">\n\t\t\t\t\t<div class=\"e-con-inner\">\n\t\t\t\t<div class=\"elementor-element elementor-element-4bc5c31 elementor-widget-divider--view-line elementor-widget elementor-widget-divider\" data-id=\"4bc5c31\" data-element_type=\"widget\" data-e-type=\"widget\" data-widget_type=\"divider.default\">\n\t\t\t\t<div class=\"elementor-widget-container\">\n\t\t\t\t\t\t\t<div class=\"elementor-divider\">\n\t\t\t<span class=\"elementor-divider-separator\">\n\t\t\t\t\t\t<\/span>\n\t\t<\/div>\n\t\t\t\t\t\t<\/div>\n\t\t\t\t<\/div>\n\t\t\t\t<div class=\"elementor-element elementor-element-a324696 elementor-widget elementor-widget-shopengine-filterable-product-list\" data-id=\"a324696\" data-element_type=\"widget\" data-e-type=\"widget\" data-widget_type=\"shopengine-filterable-product-list.default\">\n\t\t\t\t<div class=\"elementor-widget-container\">\n\t\t\t\t\t<div class=\"shopengine shopengine-widget\"><\/div>\t\t\t\t<\/div>\n\t\t\t\t<\/div>\n\t\t\t\t\t<\/div>\n\t\t\t\t<\/div>\n\t\t\t\t<\/div>","protected":false},"excerpt":{"rendered":"<p>ATEN\u00c7\u00c3O SENHORES CLIENTES! Em nossa gama de cores, procuramos sempre trabalhar com tons vibrantes para seu artesanato ficar cada vez mais bonito, por isso, deixamos algumas observa\u00e7\u00f5es:Para evitar manchas em seu trabalho, recomendamos fazer um teste da cor colocando uma pequena quantidade do fio em \u00e1gua com um pouco de sab\u00e3o neutro. Se a \u00e1gua mudar de cor \u00e9 um sinal de que ele pode soltar tinta. Caso ocorra soltura da cor, n\u00e3o \u00e9 recomendado sua utiliza\u00e7\u00e3o com outras cores, pois pode ocorrer a transfer\u00eancia de cor.Recomendamos colocar sal ou vinagre na primeira lavagem para uma maior fixa\u00e7\u00e3o da cor, pois nas primeiras lavagens pode ocorrer transfer\u00eancia de cor, por isso muito importante n\u00e3o deixar sua pe\u00e7a de molho.Pedimos aten\u00e7\u00e3o na hora de lavar seguindo as instru\u00e7\u00f5es de tratamento e cuidado para conserva\u00e7\u00e3o que se encontra no r\u00f3tulo. Ver todos LAN\u00c7AMENTOS Adicionar ao carrinho Agulha de Croch\u00ea Cabo de Alum\u00ednio Agulha de Croch\u00ea Cabo de Alum\u00ednio 4.0mm Avalia\u00e7\u00e3o 0 de 5(0) &#82;&#36;&nbsp;5,00 Adicionar ao carrinho Leia mais Agulha de Croch\u00ea Cabo de Alum\u00ednio Agulha de Croch\u00ea Cabo de Alum\u00ednio 3.5mm Avalia\u00e7\u00e3o 0 de 5(0) &#82;&#36;&nbsp;5,00 Leia mais Adicionar ao carrinho Agulha de Croch\u00ea Soft Cabo Emborrachado Agulha de Croch\u00ea Soft Cabo Emborrachado 3.5mm Avalia\u00e7\u00e3o 0 de 5(0) &#82;&#36;&nbsp;7,00 Adicionar ao carrinho Adicionar ao carrinho Agulha de Croch\u00ea Soft Cabo Emborrachado Agulha de Croch\u00ea Soft Cabo Emborrachado 4.0mm Avalia\u00e7\u00e3o 0 de 5(0) &#82;&#36;&nbsp;7,00 Adicionar ao carrinho Adicionar ao carrinho Marcador de Ponto Marcador de Ponto Tipo Cadeado Colorido Avalia\u00e7\u00e3o 0 de 5(0) &#82;&#36;&nbsp;7,80 Adicionar ao carrinho Sale! Adicionar ao carrinho Kits Kit 4 Barbante Multicolor 610 metros Fio 6 Avalia\u00e7\u00e3o 0 de 5(0) &#82;&#36;&nbsp;60,00 O pre\u00e7o original era: &#082;&#036;&nbsp;60,00.&#82;&#36;&nbsp;55,00O pre\u00e7o atual \u00e9: &#082;&#036;&nbsp;55,00. Adicionar ao carrinho Adicionar ao carrinho Barbante Multicolor Fio 6 de 610 metros Barbante Prediletto Multicolor Fio 6 Cor 154 Marrom de 610 metros Avalia\u00e7\u00e3o 0 de 5(0) &#82;&#36;&nbsp;14,00 Adicionar ao carrinho Adicionar ao carrinho Barbante Multicolor Fio 6 de 610 metros Barbante Prediletto Multicolor Fio 6 Cor 151 Caramelo de 610 metros Avalia\u00e7\u00e3o 0 de 5(0) &#82;&#36;&nbsp;14,00 Adicionar ao carrinho Adicionar ao carrinho Barbante Multicolor Fio 6 de 610 metros Barbante Prediletto Multicolor Fio 6 Cor 155 Rosa de 610 metros Avalia\u00e7\u00e3o 0 de 5(0) &#82;&#36;&nbsp;14,00 Adicionar ao carrinho Adicionar ao carrinho Barbante Multicolor Fio 6 de 610 metros Barbante Prediletto Multicolor Fio 6 Cor 152 Vermelho de 610 metros Avalia\u00e7\u00e3o 0 de 5(0) &#82;&#36;&nbsp;14,00 Adicionar ao carrinho Adicionar ao carrinho Barbante Multicolor Fio 6 de 610 metros Barbante Prediletto Multicolor Fio 6 Cor 150 Verde de 610 metros Avalia\u00e7\u00e3o 0 de 5(0) &#82;&#36;&nbsp;14,00 Adicionar ao carrinho Adicionar ao carrinho Barbante Multicolor Fio 6 de 610 metros Barbante Prediletto Multicolor Fio 6 Cor 153 Azul de 610 metros Avalia\u00e7\u00e3o 0 de 5(0) &#82;&#36;&nbsp;14,00 Adicionar ao carrinho Adicionar ao carrinho Agulha de Croch\u00ea Cabo de Alum\u00ednio Agulha de Croch\u00ea Cabo de Alum\u00ednio 4.0mm Avalia\u00e7\u00e3o 0 de 5(0) &#82;&#36;&nbsp;5,00 Adicionar ao carrinho Leia mais Agulha de Croch\u00ea Cabo de Alum\u00ednio Agulha de Croch\u00ea Cabo de Alum\u00ednio 3.5mm Avalia\u00e7\u00e3o 0 de 5(0) &#82;&#36;&nbsp;5,00 Leia mais Adicionar ao carrinho Agulha de Croch\u00ea Soft Cabo Emborrachado Agulha de Croch\u00ea Soft Cabo Emborrachado 3.5mm Avalia\u00e7\u00e3o 0 de 5(0) &#82;&#36;&nbsp;7,00 Adicionar ao carrinho Adicionar ao carrinho Agulha de Croch\u00ea Soft Cabo Emborrachado Agulha de Croch\u00ea Soft Cabo Emborrachado 4.0mm Avalia\u00e7\u00e3o 0 de 5(0) &#82;&#36;&nbsp;7,00 Adicionar ao carrinho Adicionar ao carrinho Marcador de Ponto Marcador de Ponto Tipo Cadeado Colorido Avalia\u00e7\u00e3o 0 de 5(0) &#82;&#36;&nbsp;7,80 Adicionar ao carrinho Sale! Adicionar ao carrinho Kits Kit 4 Barbante Multicolor 610 metros Fio 6 Avalia\u00e7\u00e3o 0 de 5(0) &#82;&#36;&nbsp;60,00 O pre\u00e7o original era: &#082;&#036;&nbsp;60,00.&#82;&#36;&nbsp;55,00O pre\u00e7o atual \u00e9: &#082;&#036;&nbsp;55,00. Adicionar ao carrinho<\/p>","protected":false},"author":1,"featured_media":0,"parent":0,"menu_order":0,"comment_status":"closed","ping_status":"closed","template":"elementor_header_footer","meta":{"_joinchat":[],"footnotes":""},"class_list":["post-563","page","type-page","status-publish","hentry"],"_links":{"self":[{"href":"https:\/\/barbantesprediletto.com.br\/pt_pt\/wp-json\/wp\/v2\/pages\/563","targetHints":{"allow":["GET"]}}],"collection":[{"href":"https:\/\/barbantesprediletto.com.br\/pt_pt\/wp-json\/wp\/v2\/pages"}],"about":[{"href":"https:\/\/barbantesprediletto.com.br\/pt_pt\/wp-json\/wp\/v2\/types\/page"}],"author":[{"embeddable":true,"href":"https:\/\/barbantesprediletto.com.br\/pt_pt\/wp-json\/wp\/v2\/users\/1"}],"replies":[{"embeddable":true,"href":"https:\/\/barbantesprediletto.com.br\/pt_pt\/wp-json\/wp\/v2\/comments?post=563"}],"version-history":[{"count":359,"href":"https:\/\/barbantesprediletto.com.br\/pt_pt\/wp-json\/wp\/v2\/pages\/563\/revisions"}],"predecessor-version":[{"id":2642,"href":"https:\/\/barbantesprediletto.com.br\/pt_pt\/wp-json\/wp\/v2\/pages\/563\/revisions\/2642"}],"wp:attachment":[{"href":"https:\/\/barbantesprediletto.com.br\/pt_pt\/wp-json\/wp\/v2\/media?parent=563"}],"curies":[{"name":"wp","href":"https:\/\/api.w.org\/{rel}","templated":true}]}}