{"id":10,"date":"2024-01-12T18:43:04","date_gmt":"2024-01-12T18:43:04","guid":{"rendered":"https:\/\/barbantesprediletto.com.br\/?page_id=10"},"modified":"2025-04-05T15:58:24","modified_gmt":"2025-04-05T18:58:24","slug":"carrinho","status":"publish","type":"page","link":"https:\/\/barbantesprediletto.com.br\/pt_pt\/carrinho\/","title":{"rendered":"Carrinho"},"content":{"rendered":"<div data-elementor-type=\"wp-page\" data-elementor-id=\"10\" class=\"elementor elementor-10\" data-elementor-post-type=\"page\">\n\t\t\t\t<div class=\"elementor-element elementor-element-70b9f43 e-flex e-con-boxed wpr-particle-no wpr-jarallax-no wpr-parallax-no wpr-sticky-section-no wpr-equal-height-no e-con e-parent\" data-id=\"70b9f43\" data-element_type=\"container\" data-e-type=\"container\">\n\t\t\t\t\t<div class=\"e-con-inner\">\n\t\t\t\t\t<\/div>\n\t\t\t\t<\/div>\n\t\t<div class=\"elementor-element elementor-element-9024afb e-flex e-con-boxed wpr-particle-no wpr-jarallax-no wpr-parallax-no wpr-sticky-section-no wpr-equal-height-no e-con e-parent\" data-id=\"9024afb\" data-element_type=\"container\" data-e-type=\"container\">\n\t\t\t\t\t<div class=\"e-con-inner\">\n\t\t\t\t\t<\/div>\n\t\t\t\t<\/div>\n\t\t\t\t<\/div>","protected":false},"excerpt":{"rendered":"<p>&nbsp; Produto &nbsp; Pre\u00e7o Quantidade Subtotal &times; Barbante Prediletto Fio 8 Cor 32 Grafite de 801g &#82;&#36;&nbsp;18,00 Barbante Prediletto Fio 8 Cor 32 Grafite de 801g quantidade &#82;&#36;&nbsp;18,00 &times; Kit Barbante Multicolor 610 metros Fio 6 &#82;&#36;&nbsp;50,00 Kit Barbante Multicolor 610 metros Fio 6 quantidade &#82;&#36;&nbsp;50,00 atualizar carrinho Total do carrinho Subtotal &#82;&#36;&nbsp;68,00 Entrega JeT Standard (Melhor Envio) (4 a 5 dias \u00fateis): &#82;&#36;&nbsp;19,82 Jadlog Package (Melhor Envio) (4 a 5 dias \u00fateis): &#82;&#36;&nbsp;20,06 Correios Sedex (Melhor Envio) (2 a 3 dias \u00fateis): &#82;&#36;&nbsp;22,05 Jadlog Package Centralizado (Melhor Envio) (4 a 5 dias \u00fateis): &#82;&#36;&nbsp;22,17 Loggi Express (Melhor Envio) (3 a 4 dias \u00fateis): &#82;&#36;&nbsp;25,72 Entrega para visconde do rio branco, araras, S\u00e3o Paulo, 13600-001. Mudar endere\u00e7o Country \/ region Selecione um pa\u00eds&hellip;Brasil Estado Selecione uma op\u00e7\u00e3o&hellip;AcreAlagoasAmap\u00e1AmazonasBahiaCear\u00e1Distrito FederalEsp\u00edrito SantoGoi\u00e1sMaranh\u00e3oMato GrossoMato Grosso do SulMinas GeraisPar\u00e1Para\u00edbaParan\u00e1PernambucoPiau\u00edRio de JaneiroRio Grande do NorteRio Grande do SulRond\u00f4niaRoraimaSanta CatarinaS\u00e3o PauloSergipeTocantins Cidade: C\u00f3digo postal \/ CEP: Atualizar Total &#82;&#36;&nbsp;87,82 Finalizar compra &nbsp; Produto &nbsp; Pre\u00e7o Quantidade Subtotal &times; Barbante Prediletto Fio 8 Cor 32 Grafite de 801g &#82;&#36;&nbsp;18,00 Barbante Prediletto Fio 8 Cor 32 Grafite de 801g quantidade &#82;&#36;&nbsp;18,00 &times; Kit Barbante Multicolor 610 metros Fio 6 &#82;&#36;&nbsp;50,00 Kit Barbante Multicolor 610 metros Fio 6 quantidade &#82;&#36;&nbsp;50,00 Update Cart Cart Totals Subtotal &#82;&#36;&nbsp;68,00 Entrega JeT Standard (Melhor Envio) (4 a 5 dias \u00fateis): &#82;&#36;&nbsp;19,82 Jadlog Package (Melhor Envio) (4 a 5 dias \u00fateis): &#82;&#36;&nbsp;20,06 Correios Sedex (Melhor Envio) (2 a 3 dias \u00fateis): &#82;&#36;&nbsp;22,05 Jadlog Package Centralizado (Melhor Envio) (4 a 5 dias \u00fateis): &#82;&#36;&nbsp;22,17 Loggi Express (Melhor Envio) (3 a 4 dias \u00fateis): &#82;&#36;&nbsp;25,72 Entrega para visconde do rio branco, araras, S\u00e3o Paulo, 13600-001. Mudar endere\u00e7o Country \/ region Selecione um pa\u00eds&hellip;Brasil Estado Selecione uma op\u00e7\u00e3o&hellip;AcreAlagoasAmap\u00e1AmazonasBahiaCear\u00e1Distrito FederalEsp\u00edrito SantoGoi\u00e1sMaranh\u00e3oMato GrossoMato Grosso do SulMinas GeraisPar\u00e1Para\u00edbaParan\u00e1PernambucoPiau\u00edRio de JaneiroRio Grande do NorteRio Grande do SulRond\u00f4niaRoraimaSanta CatarinaS\u00e3o PauloSergipeTocantins Cidade: C\u00f3digo postal \/ CEP: Update Total &#82;&#36;&nbsp;87,82 Proceed to Checkout<\/p>","protected":false},"author":1,"featured_media":0,"parent":0,"menu_order":0,"comment_status":"closed","ping_status":"closed","template":"","meta":{"_joinchat":[],"footnotes":""},"class_list":["post-10","page","type-page","status-publish","hentry"],"_links":{"self":[{"href":"https:\/\/barbantesprediletto.com.br\/pt_pt\/wp-json\/wp\/v2\/pages\/10","targetHints":{"allow":["GET"]}}],"collection":[{"href":"https:\/\/barbantesprediletto.com.br\/pt_pt\/wp-json\/wp\/v2\/pages"}],"about":[{"href":"https:\/\/barbantesprediletto.com.br\/pt_pt\/wp-json\/wp\/v2\/types\/page"}],"author":[{"embeddable":true,"href":"https:\/\/barbantesprediletto.com.br\/pt_pt\/wp-json\/wp\/v2\/users\/1"}],"replies":[{"embeddable":true,"href":"https:\/\/barbantesprediletto.com.br\/pt_pt\/wp-json\/wp\/v2\/comments?post=10"}],"version-history":[{"count":13,"href":"https:\/\/barbantesprediletto.com.br\/pt_pt\/wp-json\/wp\/v2\/pages\/10\/revisions"}],"predecessor-version":[{"id":2004,"href":"https:\/\/barbantesprediletto.com.br\/pt_pt\/wp-json\/wp\/v2\/pages\/10\/revisions\/2004"}],"wp:attachment":[{"href":"https:\/\/barbantesprediletto.com.br\/pt_pt\/wp-json\/wp\/v2\/media?parent=10"}],"curies":[{"name":"wp","href":"https:\/\/api.w.org\/{rel}","templated":true}]}}